{"id":150,"date":"2016-12-14T13:10:18","date_gmt":"2016-12-14T13:10:18","guid":{"rendered":"http:\/\/recycle.orionthemes.com\/demo-1\/?page_id=150"},"modified":"2021-09-03T09:18:44","modified_gmt":"2021-09-03T14:18:44","slug":"contacto","status":"publish","type":"page","link":"https:\/\/arpema.com.mx\/index.php\/contacto\/","title":{"rendered":"Contacto"},"content":{"rendered":"<div id=\"pl-150\"  class=\"panel-layout\" ><div id=\"pg-150-0\"  class=\"panel-grid panel-has-style\" ><div class=\"siteorigin-panels-stretch tablet-default mobile-1-in-row desktop-default panel-row-style panel-row-style-for-150-0\" data-stretch-type=\"full-stretched\" ><div id=\"pgc-150-0-0\"  class=\"panel-grid-cell\" ><div id=\"panel-150-0-0-0\" class=\"so-panel widget widget_sow-editor panel-first-child panel-last-child\" data-index=\"0\" ><div class=\"orion default panel-widget-style panel-widget-style-for-150-0-0-0\" ><div class=\"so-widget-sow-editor so-widget-sow-editor-base\">\n<div class=\"siteorigin-widget-tinymce textwidget\">\n\t<p><iframe loading=\"lazy\" style=\"border: 0;\" tabindex=\"0\" src=\"https:\/\/www.google.com\/maps\/embed?pb=!1m18!1m12!1m3!1d3765.47483864557!2d-99.55873668509533!3d19.305190986956823!2m3!1f0!2f0!3f0!3m2!1i1024!2i768!4f13.1!3m3!1m2!1s0x0%3A0x0!2zMTnCsDE4JzE4LjciTiA5OcKwMzMnMjMuNiJX!5e0!3m2!1ses-419!2smx!4v1589654183423!5m2!1ses-419!2smx\" width=\"100%\" height=\"450\" frameborder=\"0\" allowfullscreen=\"allowfullscreen\" aria-hidden=\"false\"><\/iframe><\/p>\n<\/div>\n<\/div><\/div><\/div><\/div><\/div><\/div><div id=\"pg-150-1\"  class=\"panel-grid panel-has-style\" ><div class=\"siteorigin-panels-stretch tablet-1-in-row mobile-1-in-row panel-row-style panel-row-style-for-150-1\" style=\"background-position: center center; background-repeat: no-repeat; background-size:cover;\" data-stretch-type=\"full\" ><div id=\"pgc-150-1-0\"  class=\"panel-grid-cell\" ><div id=\"panel-150-1-0-0\" class=\"so-panel widget widget_sow-editor panel-first-child\" data-index=\"1\" ><div class=\"orion default panel-widget-style panel-widget-style-for-150-1-0-0\" ><div class=\"so-widget-sow-editor so-widget-sow-editor-base\">\n<div class=\"siteorigin-widget-tinymce textwidget\">\n\t<div class=\"col\">\n<div id=\"center_col\">\n<div id=\"res\" class=\"med\" role=\"main\">\n<div id=\"search\">\n<div data-ved=\"2ahUKEwjIvbG239ToAhUbHjQIHfojBSYQGnoECA0QKg\">\n<div id=\"rso\" data-async-context=\"query:contactanos\">\n<div class=\"g\">\n<div class=\"rc\" data-hveid=\"CAQQAA\" data-ved=\"2ahUKEwjIvbG239ToAhUbHjQIHfojBSYQFSgAMAB6BAgEEAA\">\n<div class=\"r\">\n<h3 class=\"LC20lb DKV0Md\">Cont\u00e1ctanos<\/h3>\n<\/div>\n<\/div>\n<\/div>\n<\/div>\n<\/div>\n<\/div>\n<\/div>\n<\/div>\n<\/div>\n<hr \/>\n<p>Con gusto atenderemos tu llamada, o bien escr\u00edbenos un correo electr\u00f3nico.<\/p>\n<\/div>\n<\/div><\/div><\/div><div id=\"panel-150-1-0-1\" class=\"so-panel widget widget_orion_icon_text_w panel-last-child\" data-index=\"2\" ><div class=\"orion default panel-widget-style panel-widget-style-for-150-1-0-1\" id=\"contacto\" ><div class=\"so-widget-orion_icon_text_w so-widget-orion_icon_text_w-base\">\n<div class=\"row icon-box-items-wrap grid long\">\n \n\t\n\t\t\n\t\t\n\t\t\t\t\n\t\t\n\t\t<div class=\"icon-box-wrap clearfix col-lg-12 col-sm-12 text-left \" style=\"margin-bottom:24px;\">\t\t\n\n\t\t\t<h5 class=\"item-title\">Ll\u00e1manos.<\/h5>\t\t\t\t\t\t\t<div class=\"icon-wrap relative text-left square\">\n\t\t\t\t\t<span class=\"sow-icon-fontawesome sow-fas\" data-sow-icon=\"&#xf095;\"\n\t\tstyle=\"color: #fff; background-color: #9cc026\" ><\/span>\t\t\t\t\t\t\t\t\t<\/div>\n\t\t\t\n\t\t\t\t\t\t\n\n\t\t\t<span class=\"description\">(722) 286 9600 <\/span>\n\n\t\t<\/div>\n\t\n\t\t\n\t\t\n\t\t\t\t\n\t\t\n\t\t<div class=\"icon-box-wrap clearfix col-lg-12 col-sm-12 text-left \" style=\"margin-bottom:24px;\">\t\t\n\n\t\t\t<h5 class=\"item-title\">Horas de oficina<\/h5>\t\t\t\t\t\t\t<div class=\"icon-wrap relative text-left square\">\n\t\t\t\t\t<span class=\"sow-icon-fontawesome sow-far\" data-sow-icon=\"&#xf017;\"\n\t\tstyle=\"color: #fff; background-color: #22aa86\" ><\/span>\t\t\t\t\t\t\t\t\t<\/div>\n\t\t\t\n\t\t\t\t\t\t\n\n\t\t\t<span class=\"description\">09:00- 18:00 Lunes a Viernes.<\/span>\n\n\t\t<\/div>\n\t\n\t\t\n\t\t\n\t\t\t\t\n\t\t\n\t\t<div class=\"icon-box-wrap clearfix col-lg-12 col-sm-12 text-left \" style=\"margin-bottom:24px;\">\t\t\n\n\t\t\t<h5 class=\"item-title\">Direcci\u00f3n<\/h5>\t\t\t\t\t\t\t<div class=\"icon-wrap relative text-left square\">\n\t\t\t\t\t<span class=\"sow-icon-fontawesome sow-fas\" data-sow-icon=\"&#xf041;\"\n\t\tstyle=\"color: #fff; background-color: #44514e\" ><\/span>\t\t\t\t\t\t\t\t\t<\/div>\n\t\t\t\n\t\t\t\t\t\t\n\n\t\t\t<span class=\"description\">Emiliano Zapata No. 159 Int. 14, 15 y 16. Rancho Don Pepe. Corredor Industrial Toluca Lerma. Lerma, M\u00e9xico. C.P. 52004<\/span>\n\n\t\t<\/div>\n\t\n<\/div><\/div><\/div><\/div><\/div><div id=\"pgc-150-1-1\"  class=\"panel-grid-cell\" ><div id=\"panel-150-1-1-0\" class=\"so-panel widget widget_orion_cf7_w panel-first-child panel-last-child\" data-index=\"3\" ><div class=\"orion default panel-widget-style panel-widget-style-for-150-1-1-0\" ><div class=\"so-widget-orion_cf7_w so-widget-orion_cf7_w-base\">\n\n<div role=\"form\" class=\"wpcf7\" id=\"wpcf7-f1459-o1\" lang=\"en-US\" dir=\"ltr\">\n<div class=\"screen-reader-response\"><p role=\"status\" aria-live=\"polite\" aria-atomic=\"true\"><\/p> <ul><\/ul><\/div>\n<form action=\"\/index.php\/wp-json\/wp\/v2\/pages\/150#wpcf7-f1459-o1\" method=\"post\" class=\"wpcf7-form init\" novalidate=\"novalidate\" data-status=\"init\">\n<div style=\"display: none;\">\n<input type=\"hidden\" name=\"_wpcf7\" value=\"1459\" \/>\n<input type=\"hidden\" name=\"_wpcf7_version\" value=\"5.3.2\" \/>\n<input type=\"hidden\" name=\"_wpcf7_locale\" value=\"en_US\" \/>\n<input type=\"hidden\" name=\"_wpcf7_unit_tag\" value=\"wpcf7-f1459-o1\" \/>\n<input type=\"hidden\" name=\"_wpcf7_container_post\" value=\"0\" \/>\n<input type=\"hidden\" name=\"_wpcf7_posted_data_hash\" value=\"\" \/>\n<\/div>\n<div class=\"cf7-form row\">\n<div class=\"col-md-6 name\"><span class=\"wpcf7-form-control-wrap text-name\"><input type=\"text\" name=\"text-name\" value=\"\" size=\"40\" class=\"wpcf7-form-control wpcf7-text wpcf7-validates-as-required\" aria-required=\"true\" aria-invalid=\"false\" placeholder=\"Nombre\" \/><\/span><\/div>\n<div class=\"col-md-6 company\"><span class=\"wpcf7-form-control-wrap text-company\"><input type=\"text\" name=\"text-company\" value=\"\" size=\"40\" class=\"wpcf7-form-control wpcf7-text\" aria-invalid=\"false\" placeholder=\"Compa\u00f1\u00eda\" \/><\/span><\/div>\n<div class=\"col-md-6 email\"><span class=\"wpcf7-form-control-wrap email-777\"><input type=\"email\" name=\"email-777\" value=\"\" size=\"40\" class=\"wpcf7-form-control wpcf7-text wpcf7-email wpcf7-validates-as-required wpcf7-validates-as-email\" aria-required=\"true\" aria-invalid=\"false\" placeholder=\"E-mail\" \/><\/span><\/div>\n<div class=\"col-md-6 phone\"><span class=\"wpcf7-form-control-wrap text-phone\"><input type=\"text\" name=\"text-phone\" value=\"\" size=\"40\" class=\"wpcf7-form-control wpcf7-text wpcf7-validates-as-required\" aria-required=\"true\" aria-invalid=\"false\" placeholder=\"T\u00e9lefono\" \/><\/span><\/div>\n<div class=\"col-md-12\"><span class=\"wpcf7-form-control-wrap textarea-notes\"><textarea name=\"textarea-notes\" cols=\"40\" rows=\"10\" class=\"wpcf7-form-control wpcf7-textarea\" aria-invalid=\"false\" placeholder=\"\u00bfC\u00f3mo podemos ayudarte?\"><\/textarea><\/span><\/div>\n<div class=\"col-md-12 text-left\"><input type=\"submit\" value=\"Enviar\" class=\"wpcf7-form-control wpcf7-submit btn btn-c1 btn-md\" \/><\/div>\n<\/div>\n<p style=\"display: none !important;\"><label>&#916;<textarea name=\"_wpcf7_ak_hp_textarea\" cols=\"45\" rows=\"8\" maxlength=\"100\"><\/textarea><\/label><input type=\"hidden\" id=\"ak_js_1\" name=\"_wpcf7_ak_js\" value=\"71\"\/><script>document.getElementById( \"ak_js_1\" ).setAttribute( \"value\", ( new Date() ).getTime() );<\/script><\/p><div class=\"wpcf7-response-output\" aria-hidden=\"true\"><\/div><\/form><\/div><\/div><\/div><\/div><\/div><\/div><\/div><div id=\"pg-150-2\"  class=\"panel-grid panel-has-style\" ><div class=\"siteorigin-panels-stretch tablet-default mobile-1-in-row desktop-default panel-row-style panel-row-style-for-150-2\" data-stretch-type=\"full-stretched\" ><div id=\"pgc-150-2-0\"  class=\"panel-grid-cell\" ><div id=\"panel-150-2-0-0\" class=\"so-panel widget widget_orion_logos_w panel-first-child panel-last-child\" data-index=\"4\" ><div class=\"orion default panel-widget-style panel-widget-style-for-150-2-0-0\" ><div class=\"so-widget-orion_logos_w so-widget-orion_logos_w-base\"><div class=\"row logo-w-wrap\">\n\t\t\t<div class=\"logos-wrap col-md-12 \"  >\n\t\t\t\t<div class=\"wrap-2 clearfix row\">\n\t\t\n\t\t\t\t\t\t\t\t<div class=\"cell-wrap col-xs-6 col-md-2\" style=\"padding-bottom: 144px;border-color:rgba(0,0,0,.1);\">\n\t\t\t\t\t\t\t\t\t<span class=\"logo\" data-imgsize=80 data-imghoversize=90>\n\t\t\t\t\t\t<img src=\"https:\/\/arpema.com.mx\/wp-content\/uploads\/2020\/04\/Arpema-1.png\" alt=\"\">\n\t\t\t\t\t<\/span>\n\t\t\t\t\t\t\t<\/div>\t\t\t\n\t\t\t\t\t\t\t\t<div class=\"cell-wrap col-xs-6 col-md-2\" style=\"padding-bottom: 144px;border-color:rgba(0,0,0,.1);\">\n\t\t\t\t\t\t\t\t\t<span class=\"logo\" data-imgsize=80 data-imghoversize=90>\n\t\t\t\t\t\t<img src=\"https:\/\/arpema.com.mx\/wp-content\/uploads\/2020\/07\/anipac.png\" alt=\"\">\n\t\t\t\t\t<\/span>\n\t\t\t\t\t\t\t<\/div>\t\t\t\n\t\t\t\t\t\t\t\t<div class=\"cell-wrap col-xs-6 col-md-2\" style=\"padding-bottom: 144px;border-color:rgba(0,0,0,.1);\">\n\t\t\t\t\t\t\t\t\t<span class=\"logo\" data-imgsize=80 data-imghoversize=90>\n\t\t\t\t\t\t<img src=\"https:\/\/arpema.com.mx\/wp-content\/uploads\/2020\/07\/operation-clean-sweep.png\" alt=\"\">\n\t\t\t\t\t<\/span>\n\t\t\t\t\t\t\t<\/div>\t\t\t\n\t\t\t\t\t\t\t\t<div class=\"cell-wrap col-xs-6 col-md-2\" style=\"padding-bottom: 144px;border-color:rgba(0,0,0,.1);\">\n\t\t\t\t\t\t\t\t\t<span class=\"logo\" data-imgsize=80 data-imghoversize=90>\n\t\t\t\t\t\t<img src=\"https:\/\/arpema.com.mx\/wp-content\/uploads\/2020\/07\/objetivos-de-desarrollo-sustentable.png\" alt=\"\">\n\t\t\t\t\t<\/span>\n\t\t\t\t\t\t\t<\/div>\t\t\t\n\t\t\t\t\t\t\t\t<div class=\"cell-wrap col-xs-6 col-md-2\" style=\"padding-bottom: 144px;border-color:rgba(0,0,0,.1);\">\n\t\t\t\t\t\t\t\t\t<span class=\"logo\" data-imgsize=80 data-imghoversize=90>\n\t\t\t\t\t\t<img src=\"https:\/\/arpema.com.mx\/wp-content\/uploads\/2020\/07\/ellen-macarthur-foundation.png\" alt=\"\">\n\t\t\t\t\t<\/span>\n\t\t\t\t\t\t\t<\/div>\t\t\t\n\t\t\t\t\t\t\t\t<div class=\"cell-wrap col-xs-6 col-md-2\" style=\"padding-bottom: 144px;border-color:rgba(0,0,0,.1);\">\n\t\t\t\t\t\t\t\t\t<span class=\"logo\" data-imgsize=80 data-imghoversize=90>\n\t\t\t\t\t\t<img src=\"https:\/\/arpema.com.mx\/wp-content\/uploads\/2020\/07\/dow.png\" alt=\"\">\n\t\t\t\t\t<\/span>\n\t\t\t\t\t\t\t<\/div>\t\t\t\n\t\t\t\n\t\t\t\t<\/div>\n\t\t\t\t\t\n\t<\/div>\n\t<\/div><\/div><\/div><\/div><\/div><\/div><\/div><\/div>","protected":false},"excerpt":{"rendered":"<p>Cont\u00e1ctanos Con gusto atenderemos tu llamada, o bien escr\u00edbenos un correo electr\u00f3nico.<\/p>\n","protected":false},"author":1,"featured_media":0,"parent":0,"menu_order":0,"comment_status":"closed","ping_status":"closed","template":"","meta":[],"yoast_head":"<!-- This site is optimized with the Yoast SEO plugin v18.8 - https:\/\/yoast.com\/wordpress\/plugins\/seo\/ -->\n<title>Contacto - Arpema Pl\u00e1sticos<\/title>\n<meta name=\"robots\" content=\"noindex, follow, max-snippet:-1, max-image-preview:large, max-video-preview:-1\" \/>\n<meta property=\"og:locale\" content=\"es_MX\" \/>\n<meta property=\"og:type\" content=\"article\" \/>\n<meta property=\"og:title\" content=\"Contacto - Arpema Pl\u00e1sticos\" \/>\n<meta property=\"og:description\" content=\"Cont\u00e1ctanos Con gusto atenderemos tu llamada, o bien escr\u00edbenos un correo electr\u00f3nico.\" \/>\n<meta property=\"og:url\" content=\"https:\/\/arpema.com.mx\/index.php\/contacto\/\" \/>\n<meta property=\"og:site_name\" content=\"Arpema Pl\u00e1sticos\" \/>\n<meta property=\"article:publisher\" content=\"https:\/\/www.facebook.com\/ArpemaP\" \/>\n<meta property=\"article:modified_time\" content=\"2021-09-03T14:18:44+00:00\" \/>\n<meta property=\"og:image\" content=\"https:\/\/arpema.com.mx\/wp-content\/uploads\/2022\/01\/CPWQK7ENG940.png\" \/>\n\t<meta property=\"og:image:width\" content=\"1584\" \/>\n\t<meta property=\"og:image:height\" content=\"396\" \/>\n\t<meta property=\"og:image:type\" content=\"image\/png\" \/>\n<meta name=\"twitter:card\" content=\"summary_large_image\" \/>\n<meta name=\"twitter:site\" content=\"@ArpemaPlasticos\" \/>\n<script type=\"application\/ld+json\" class=\"yoast-schema-graph\">{\"@context\":\"https:\/\/schema.org\",\"@graph\":[{\"@type\":\"Organization\",\"@id\":\"https:\/\/arpema.com.mx\/#organization\",\"name\":\"Arpema Pl\u00e1sticos\",\"url\":\"https:\/\/arpema.com.mx\/\",\"sameAs\":[\"https:\/\/www.facebook.com\/ArpemaP\",\"https:\/\/www.instagram.com\/arpema.plasticos\/\",\"https:\/\/www.linkedin.com\/in\/arpema-plasticos\",\"https:\/\/twitter.com\/ArpemaPlasticos\"],\"logo\":{\"@type\":\"ImageObject\",\"inLanguage\":\"es-MX\",\"@id\":\"https:\/\/arpema.com.mx\/#\/schema\/logo\/image\/\",\"url\":\"https:\/\/arpema.com.mx\/wp-content\/uploads\/2020\/04\/Arpema.png\",\"contentUrl\":\"https:\/\/arpema.com.mx\/wp-content\/uploads\/2020\/04\/Arpema.png\",\"width\":1136,\"height\":960,\"caption\":\"Arpema Pl\u00e1sticos\"},\"image\":{\"@id\":\"https:\/\/arpema.com.mx\/#\/schema\/logo\/image\/\"}},{\"@type\":\"WebSite\",\"@id\":\"https:\/\/arpema.com.mx\/#website\",\"url\":\"https:\/\/arpema.com.mx\/\",\"name\":\"Arpema Pl\u00e1sticos\",\"description\":\"Arpema\",\"publisher\":{\"@id\":\"https:\/\/arpema.com.mx\/#organization\"},\"potentialAction\":[{\"@type\":\"SearchAction\",\"target\":{\"@type\":\"EntryPoint\",\"urlTemplate\":\"https:\/\/arpema.com.mx\/?s={search_term_string}\"},\"query-input\":\"required name=search_term_string\"}],\"inLanguage\":\"es-MX\"},{\"@type\":\"WebPage\",\"@id\":\"https:\/\/arpema.com.mx\/index.php\/contacto\/#webpage\",\"url\":\"https:\/\/arpema.com.mx\/index.php\/contacto\/\",\"name\":\"Contacto - Arpema Pl\u00e1sticos\",\"isPartOf\":{\"@id\":\"https:\/\/arpema.com.mx\/#website\"},\"datePublished\":\"2016-12-14T13:10:18+00:00\",\"dateModified\":\"2021-09-03T14:18:44+00:00\",\"breadcrumb\":{\"@id\":\"https:\/\/arpema.com.mx\/index.php\/contacto\/#breadcrumb\"},\"inLanguage\":\"es-MX\",\"potentialAction\":[{\"@type\":\"ReadAction\",\"target\":[\"https:\/\/arpema.com.mx\/index.php\/contacto\/\"]}]},{\"@type\":\"BreadcrumbList\",\"@id\":\"https:\/\/arpema.com.mx\/index.php\/contacto\/#breadcrumb\",\"itemListElement\":[{\"@type\":\"ListItem\",\"position\":1,\"name\":\"Inicio\",\"item\":\"https:\/\/arpema.com.mx\/\"},{\"@type\":\"ListItem\",\"position\":2,\"name\":\"Contacto\"}]}]}<\/script>\n<!-- \/ Yoast SEO plugin. -->","yoast_head_json":{"title":"Contacto - Arpema Pl\u00e1sticos","robots":{"index":"noindex","follow":"follow","max-snippet":"max-snippet:-1","max-image-preview":"max-image-preview:large","max-video-preview":"max-video-preview:-1"},"og_locale":"es_MX","og_type":"article","og_title":"Contacto - Arpema Pl\u00e1sticos","og_description":"Cont\u00e1ctanos Con gusto atenderemos tu llamada, o bien escr\u00edbenos un correo electr\u00f3nico.","og_url":"https:\/\/arpema.com.mx\/index.php\/contacto\/","og_site_name":"Arpema Pl\u00e1sticos","article_publisher":"https:\/\/www.facebook.com\/ArpemaP","article_modified_time":"2021-09-03T14:18:44+00:00","og_image":[{"width":1584,"height":396,"url":"https:\/\/arpema.com.mx\/wp-content\/uploads\/2022\/01\/CPWQK7ENG940.png","type":"image\/png"}],"twitter_card":"summary_large_image","twitter_site":"@ArpemaPlasticos","schema":{"@context":"https:\/\/schema.org","@graph":[{"@type":"Organization","@id":"https:\/\/arpema.com.mx\/#organization","name":"Arpema Pl\u00e1sticos","url":"https:\/\/arpema.com.mx\/","sameAs":["https:\/\/www.facebook.com\/ArpemaP","https:\/\/www.instagram.com\/arpema.plasticos\/","https:\/\/www.linkedin.com\/in\/arpema-plasticos","https:\/\/twitter.com\/ArpemaPlasticos"],"logo":{"@type":"ImageObject","inLanguage":"es-MX","@id":"https:\/\/arpema.com.mx\/#\/schema\/logo\/image\/","url":"https:\/\/arpema.com.mx\/wp-content\/uploads\/2020\/04\/Arpema.png","contentUrl":"https:\/\/arpema.com.mx\/wp-content\/uploads\/2020\/04\/Arpema.png","width":1136,"height":960,"caption":"Arpema Pl\u00e1sticos"},"image":{"@id":"https:\/\/arpema.com.mx\/#\/schema\/logo\/image\/"}},{"@type":"WebSite","@id":"https:\/\/arpema.com.mx\/#website","url":"https:\/\/arpema.com.mx\/","name":"Arpema Pl\u00e1sticos","description":"Arpema","publisher":{"@id":"https:\/\/arpema.com.mx\/#organization"},"potentialAction":[{"@type":"SearchAction","target":{"@type":"EntryPoint","urlTemplate":"https:\/\/arpema.com.mx\/?s={search_term_string}"},"query-input":"required name=search_term_string"}],"inLanguage":"es-MX"},{"@type":"WebPage","@id":"https:\/\/arpema.com.mx\/index.php\/contacto\/#webpage","url":"https:\/\/arpema.com.mx\/index.php\/contacto\/","name":"Contacto - Arpema Pl\u00e1sticos","isPartOf":{"@id":"https:\/\/arpema.com.mx\/#website"},"datePublished":"2016-12-14T13:10:18+00:00","dateModified":"2021-09-03T14:18:44+00:00","breadcrumb":{"@id":"https:\/\/arpema.com.mx\/index.php\/contacto\/#breadcrumb"},"inLanguage":"es-MX","potentialAction":[{"@type":"ReadAction","target":["https:\/\/arpema.com.mx\/index.php\/contacto\/"]}]},{"@type":"BreadcrumbList","@id":"https:\/\/arpema.com.mx\/index.php\/contacto\/#breadcrumb","itemListElement":[{"@type":"ListItem","position":1,"name":"Inicio","item":"https:\/\/arpema.com.mx\/"},{"@type":"ListItem","position":2,"name":"Contacto"}]}]}},"_links":{"self":[{"href":"https:\/\/arpema.com.mx\/index.php\/wp-json\/wp\/v2\/pages\/150"}],"collection":[{"href":"https:\/\/arpema.com.mx\/index.php\/wp-json\/wp\/v2\/pages"}],"about":[{"href":"https:\/\/arpema.com.mx\/index.php\/wp-json\/wp\/v2\/types\/page"}],"author":[{"embeddable":true,"href":"https:\/\/arpema.com.mx\/index.php\/wp-json\/wp\/v2\/users\/1"}],"replies":[{"embeddable":true,"href":"https:\/\/arpema.com.mx\/index.php\/wp-json\/wp\/v2\/comments?post=150"}],"version-history":[{"count":44,"href":"https:\/\/arpema.com.mx\/index.php\/wp-json\/wp\/v2\/pages\/150\/revisions"}],"predecessor-version":[{"id":2394,"href":"https:\/\/arpema.com.mx\/index.php\/wp-json\/wp\/v2\/pages\/150\/revisions\/2394"}],"wp:attachment":[{"href":"https:\/\/arpema.com.mx\/index.php\/wp-json\/wp\/v2\/media?parent=150"}],"curies":[{"name":"wp","href":"https:\/\/api.w.org\/{rel}","templated":true}]}}