{"id":1009,"date":"2017-04-25T11:55:32","date_gmt":"2017-04-25T11:55:32","guid":{"rendered":"http:\/\/recycle.orionthemes.com\/new-demo-1\/?page_id=1009"},"modified":"2022-11-07T14:13:35","modified_gmt":"2022-11-07T20:13:35","slug":"distintivos","status":"publish","type":"page","link":"https:\/\/arpema.com.mx\/index.php\/distintivos\/","title":{"rendered":"Distintivos"},"content":{"rendered":"<div id=\"pl-1009\"  class=\"panel-layout\" ><div id=\"pg-1009-0\"  class=\"panel-grid panel-has-style\" ><div class=\"siteorigin-panels-stretch tablet-default mobile-1-in-row desktop-default panel-row-style panel-row-style-for-1009-0\" data-stretch-type=\"full-stretched\" ><div id=\"pgc-1009-0-0\"  class=\"panel-grid-cell panel-grid-cell-empty\" ><\/div><div id=\"pgc-1009-0-1\"  class=\"panel-grid-cell panel-grid-cell-mobile-last\" ><div id=\"panel-1009-0-1-0\" class=\"so-panel widget widget_sow-editor panel-first-child panel-last-child\" data-index=\"0\" ><div class=\"orion default panel-widget-style panel-widget-style-for-1009-0-1-0\" ><div class=\"so-widget-sow-editor so-widget-sow-editor-base\">\n<div class=\"siteorigin-widget-tinymce textwidget\">\n\t<h4 style=\"text-align: center;color:#fff;margin-bottom:0px;\">DISTINTIVOS<\/h4>\n<hr style=\"border-top-width: 2px; border-top-color: #fff; border-style: solid; width: 15%;margin-top:10px;\" \/>\n<h2 style=\"text-align: center; color: #fff;\">Soluciones ambientales<br \/>\n para su negocio<\/h2>\n<\/div>\n<\/div><\/div><\/div><\/div><div id=\"pgc-1009-0-2\"  class=\"panel-grid-cell panel-grid-cell-empty\" ><\/div><\/div><\/div><div id=\"pg-1009-1\"  class=\"panel-grid panel-has-style\" ><div class=\"siteorigin-panels-stretch tablet-default mobile-1-in-row desktop-default panel-row-style panel-row-style-for-1009-1\" data-stretch-type=\"full\" ><div id=\"pgc-1009-1-0\"  class=\"panel-grid-cell\" ><div id=\"panel-1009-1-0-0\" class=\"so-panel widget widget_sow-editor panel-first-child panel-last-child\" data-index=\"1\" ><div class=\"orion default panel-widget-style panel-widget-style-for-1009-1-0-0\" ><div class=\"so-widget-sow-editor so-widget-sow-editor-base\">\n<div class=\"siteorigin-widget-tinymce textwidget\">\n\t<h2 style=\"color: #bed32e;\">Operation Clean Sweep<\/h2>\n<p>&nbsp;<\/p>\n<p>Ese paso es Operation Clean Sweep (OCS), un programa de administraci\u00f3n de productos de la Divisi\u00f3n de Pl\u00e1sticos y la Asociaci\u00f3n de la Industria del Pl\u00e1stico (PLASTICS) del American Chemistry Council. El objetivo de la campa\u00f1a es: ayudar a todas las operaciones de manejo de resina pl\u00e1stica a implementar buenas pr\u00e1cticas de limpieza y pr\u00e1cticas de contenci\u00f3n de pellets, escamas y polvos para lograr co p\u00e9rdidas de pellets, escamas y polvos. OCS se est\u00e1 llevando a cabo en miles de plantas en todo el mundo, todo lo cual se suma al esfuerzo por proteger el medio ambiente. La p\u00e9rdida de pellets, escamas y polvo tiene muchos impactos negativos en empresas individuales, en la industria de los pl\u00e1sticos en general y en el medio ambiente.<\/p>\n<\/div>\n<\/div><\/div><\/div><\/div><div id=\"pgc-1009-1-1\"  class=\"panel-grid-cell\" ><div id=\"panel-1009-1-1-0\" class=\"so-panel widget widget_orion_image_w panel-first-child panel-last-child\" data-index=\"2\" ><div class=\"orion default panel-widget-style panel-widget-style-for-1009-1-1-0\" ><div class=\"so-widget-orion_image_w so-widget-orion_image_w-base\">\n<div class=\"image-w relative\">\n\n\t\t\t\t\n\t\t\t\t\t<div class=\"orion_carousel overlay-none overlay-hover-none\">\n\t\t\n\t\t\t\t\t<img width=\"720\" height=\"480\" src=\"https:\/\/arpema.com.mx\/wp-content\/uploads\/2021\/09\/OCS.png\" class=\"attachment-orion_carousel size-orion_carousel\" alt=\"\" loading=\"lazy\" \/>\t\t\t<div class=\"overlay\"><\/div>\n\t\t\n\t\t\t\t\t<\/div>\n\t\t\t\n\t\n\t<div class=\"absolute\">\n\t\t<div class=\"hover-desc table-wrap\">\n\t\t\t<div class=\"cell-wrap\">\n\t\t\t\t<h4 class=\"text-light\"><\/h4>\n\t\t\t<\/div>\n\t\t<\/div>\n\t<\/div>\t\t\t\t\t\n<\/div>\n\n<\/div><\/div><\/div><\/div><\/div><\/div><div id=\"pg-1009-2\"  class=\"panel-grid panel-has-style\" ><div class=\"siteorigin-panels-stretch tablet-default mobile-1-in-row desktop-default panel-row-style panel-row-style-for-1009-2\" data-stretch-type=\"full\" ><div id=\"pgc-1009-2-0\"  class=\"panel-grid-cell\" ><div id=\"panel-1009-2-0-0\" class=\"so-panel widget widget_sow-editor panel-first-child panel-last-child\" data-index=\"3\" ><div class=\"orion default panel-widget-style panel-widget-style-for-1009-2-0-0\" ><div class=\"so-widget-sow-editor so-widget-sow-editor-base\">\n<div class=\"siteorigin-widget-tinymce textwidget\">\n\t<h2 style=\"color: #bed32e;\">ISO 9001-2015<\/h2>\n<p>&nbsp;<\/p>\n<p>La norma ISO 9001:2015 se public\u00f3 el 23 de septiembre de 2015. Ahora es necesario comenzar con los trabajos de transici\u00f3n, que no es una tarea f\u00e1cil.<\/p>\n<p>La nueva ISO 9001 2015 trae cambios muy importantes, aunque el m\u00e1s destacado es la incorporaci\u00f3n de la gesti\u00f3n del riesgo o el enfoque basado en riesgos en los Sistemas de Gesti\u00f3n de la Calidad. Aunque es una t\u00e9cnica normalmente aplicada en las organizaciones hasta ahora no estaba alineada con el SGC.<\/p>\n<\/div>\n<\/div><\/div><\/div><\/div><div id=\"pgc-1009-2-1\"  class=\"panel-grid-cell\" ><div id=\"panel-1009-2-1-0\" class=\"so-panel widget widget_orion_image_w panel-first-child panel-last-child\" data-index=\"4\" ><div class=\"orion default panel-widget-style panel-widget-style-for-1009-2-1-0\" ><div class=\"so-widget-orion_image_w so-widget-orion_image_w-base\">\n<div class=\"image-w relative\">\n\n\t\t\t\t\n\t\t\t\t\t<div class=\"orion_carousel overlay-none overlay-hover-none\">\n\t\t\n\t\t\t\t\t<img width=\"720\" height=\"480\" src=\"https:\/\/arpema.com.mx\/wp-content\/uploads\/2020\/04\/iso9001.png\" class=\"attachment-orion_carousel size-orion_carousel\" alt=\"\" loading=\"lazy\" \/>\t\t\t<div class=\"overlay\"><\/div>\n\t\t\n\t\t\t\t\t<\/div>\n\t\t\t\n\t\n\t<div class=\"absolute\">\n\t\t<div class=\"hover-desc table-wrap\">\n\t\t\t<div class=\"cell-wrap\">\n\t\t\t\t<h4 class=\"text-light\"><\/h4>\n\t\t\t<\/div>\n\t\t<\/div>\n\t<\/div>\t\t\t\t\t\n<\/div>\n\n<\/div><\/div><\/div><\/div><\/div><\/div><div id=\"pg-1009-3\"  class=\"panel-grid panel-has-style\" ><div class=\"siteorigin-panels-stretch tablet-default mobile-1-in-row desktop-default panel-row-style panel-row-style-for-1009-3\" data-stretch-type=\"full\" ><div id=\"pgc-1009-3-0\"  class=\"panel-grid-cell\" ><div id=\"panel-1009-3-0-0\" class=\"so-panel widget widget_sow-editor panel-first-child panel-last-child\" data-index=\"5\" ><div class=\"orion default panel-widget-style panel-widget-style-for-1009-3-0-0\" ><div class=\"so-widget-sow-editor so-widget-sow-editor-base\">\n<div class=\"siteorigin-widget-tinymce textwidget\">\n\t<h2 style=\"color: #bed32e;\">FDA<\/h2>\n<p>&nbsp;<\/p>\n<p>La FDA (Food and Drug Administration, por sus siglas en ingl\u00e9s) es la agencia gubernamental de Estados Unidos responsable de la regulaci\u00f3n de alimentos, tanto para personas como para animales, medicamentos (humanos y veterinarios), cosm\u00e9ticos, aparatos m\u00e9dicos (humanos y animales), productos biol\u00f3gicos y derivados sangu\u00edneos. Sus funciones principales son proteger la salud p\u00fablica, favorecer la salud p\u00fablica mediante el fomento de las innovaciones de productos, y proveer la informaci\u00f3n necesaria, exacta, con base cient\u00edfica, que le permita al p\u00fablico utilizar los medicamentos y alimentos regulados para mejorar su salud.<\/p>\n<\/div>\n<\/div><\/div><\/div><\/div><div id=\"pgc-1009-3-1\"  class=\"panel-grid-cell\" ><div id=\"panel-1009-3-1-0\" class=\"so-panel widget widget_orion_image_w panel-first-child\" data-index=\"6\" ><div class=\"orion default panel-widget-style panel-widget-style-for-1009-3-1-0\" ><div class=\"so-widget-orion_image_w so-widget-orion_image_w-base\">\n<div class=\"image-w relative\">\n\n\t\t\t\t\n\t\t\t\t\t<div class=\"orion_carousel overlay-none overlay-hover-none\">\n\t\t\n\t\t\t\t\t<img width=\"720\" height=\"480\" src=\"https:\/\/arpema.com.mx\/wp-content\/uploads\/2021\/09\/FDA.png\" class=\"attachment-orion_carousel size-orion_carousel\" alt=\"\" loading=\"lazy\" \/>\t\t\t<div class=\"overlay\"><\/div>\n\t\t\n\t\t\t\t\t<\/div>\n\t\t\t\n\t\n\t<div class=\"absolute\">\n\t\t<div class=\"hover-desc table-wrap\">\n\t\t\t<div class=\"cell-wrap\">\n\t\t\t\t<h4 class=\"text-light\"><\/h4>\n\t\t\t<\/div>\n\t\t<\/div>\n\t<\/div>\t\t\t\t\t\n<\/div>\n\n<\/div><\/div><\/div><div id=\"panel-1009-3-1-1\" class=\"so-panel widget widget_orion_upload_w panel-last-child\" data-index=\"7\" ><div class=\"orion default panel-widget-style panel-widget-style-for-1009-3-1-1\" ><div class=\"so-widget-orion_upload_w so-widget-orion_upload_w-base\"><div class=\"row button-wrap\">\n\t\n\t\n\t\t\t\t<div class=\"col-md-12\">\t\t\n\t\t\t<a class=\"btn-download icon-right btn btn-c3 btn-flat\" href=\"https:\/\/arpema.com.mx\/wp-content\/uploads\/2021\/08\/FDA-Arpema.pdf\" download=\"FDA-Arpema.pdf\">\n\t\t\t\t\tCarta FDA\t\t\t\t\t\t\t\t\t\t\t<span class=\"sow-icon-fontawesome sow-far\" data-sow-icon=\"&#xf1c1;\"\n\t\t ><\/span>\t\n\t\t\t\t\t\t\t\t\t\t<span class=\"orionicon orionicon-icon_check btn-visited\"><\/span>\n\t\t\t<\/a>\n\t\t<\/div>\n\t\n<\/div><\/div><\/div><\/div><\/div><\/div><\/div><div id=\"pg-1009-4\"  class=\"panel-grid panel-has-style\" ><div class=\"siteorigin-panels-stretch tablet-default mobile-1-in-row desktop-default panel-row-style panel-row-style-for-1009-4\" data-stretch-type=\"full-stretched\" ><div id=\"pgc-1009-4-0\"  class=\"panel-grid-cell\" ><div id=\"panel-1009-4-0-0\" class=\"so-panel widget widget_orion_logos_w panel-first-child panel-last-child\" data-index=\"8\" ><div class=\"orion default panel-widget-style panel-widget-style-for-1009-4-0-0\" ><div class=\"so-widget-orion_logos_w so-widget-orion_logos_w-base\"><div class=\"row logo-w-wrap\">\n\t\t\t<div class=\"logos-wrap col-md-12 \"  >\n\t\t\t\t<div class=\"wrap-2 clearfix row\">\n\t\t\n\t\t\t\t\t\t\t\t<div class=\"cell-wrap col-xs-6 col-md-2\" style=\"padding-bottom: 144px;border-color:rgba(0,0,0,.1);\">\n\t\t\t\t\t\t\t\t\t<span class=\"logo\" data-imgsize=80 data-imghoversize=90>\n\t\t\t\t\t\t<img src=\"https:\/\/arpema.com.mx\/wp-content\/uploads\/2020\/04\/Arpema-1.png\" alt=\"\">\n\t\t\t\t\t<\/span>\n\t\t\t\t\t\t\t<\/div>\t\t\t\n\t\t\t\t\t\t\t\t<div class=\"cell-wrap col-xs-6 col-md-2\" style=\"padding-bottom: 144px;border-color:rgba(0,0,0,.1);\">\n\t\t\t\t\t\t\t\t\t<span class=\"logo\" data-imgsize=80 data-imghoversize=90>\n\t\t\t\t\t\t<img src=\"https:\/\/arpema.com.mx\/wp-content\/uploads\/2020\/07\/anipac.png\" alt=\"\">\n\t\t\t\t\t<\/span>\n\t\t\t\t\t\t\t<\/div>\t\t\t\n\t\t\t\t\t\t\t\t<div class=\"cell-wrap col-xs-6 col-md-2\" style=\"padding-bottom: 144px;border-color:rgba(0,0,0,.1);\">\n\t\t\t\t\t\t\t\t\t<span class=\"logo\" data-imgsize=80 data-imghoversize=90>\n\t\t\t\t\t\t<img src=\"https:\/\/arpema.com.mx\/wp-content\/uploads\/2020\/07\/operation-clean-sweep.png\" alt=\"\">\n\t\t\t\t\t<\/span>\n\t\t\t\t\t\t\t<\/div>\t\t\t\n\t\t\t\t\t\t\t\t<div class=\"cell-wrap col-xs-6 col-md-2\" style=\"padding-bottom: 144px;border-color:rgba(0,0,0,.1);\">\n\t\t\t\t\t\t\t\t\t<span class=\"logo\" data-imgsize=80 data-imghoversize=90>\n\t\t\t\t\t\t<img src=\"https:\/\/arpema.com.mx\/wp-content\/uploads\/2020\/07\/objetivos-de-desarrollo-sustentable.png\" alt=\"\">\n\t\t\t\t\t<\/span>\n\t\t\t\t\t\t\t<\/div>\t\t\t\n\t\t\t\t\t\t\t\t<div class=\"cell-wrap col-xs-6 col-md-2\" style=\"padding-bottom: 144px;border-color:rgba(0,0,0,.1);\">\n\t\t\t\t\t\t\t\t\t<span class=\"logo\" data-imgsize=80 data-imghoversize=90>\n\t\t\t\t\t\t<img src=\"https:\/\/arpema.com.mx\/wp-content\/uploads\/2020\/07\/ellen-macarthur-foundation.png\" alt=\"\">\n\t\t\t\t\t<\/span>\n\t\t\t\t\t\t\t<\/div>\t\t\t\n\t\t\t\t\t\t\t\t<div class=\"cell-wrap col-xs-6 col-md-2\" style=\"padding-bottom: 144px;border-color:rgba(0,0,0,.1);\">\n\t\t\t\t\t\t\t\t\t<span class=\"logo\" data-imgsize=80 data-imghoversize=90>\n\t\t\t\t\t\t<img src=\"https:\/\/arpema.com.mx\/wp-content\/uploads\/2020\/07\/dow.png\" alt=\"\">\n\t\t\t\t\t<\/span>\n\t\t\t\t\t\t\t<\/div>\t\t\t\n\t\t\t\n\t\t\t\t<\/div>\n\t\t\t\t\t\n\t<\/div>\n\t<\/div><\/div><\/div><\/div><\/div><\/div><\/div><\/div>","protected":false},"excerpt":{"rendered":"<p>DISTINTIVOS Soluciones ambientales para su negocio Operation Clean Sweep &nbsp; Ese paso es Operation Clean Sweep (OCS), un programa de administraci\u00f3n de productos de la Divisi\u00f3n de Pl\u00e1sticos y la Asociaci\u00f3n de la Industria del Pl\u00e1stico (PLASTICS) del American Chemistry Council. El objetivo de la campa\u00f1a es: ayudar a todas las operaciones de manejo de<\/p>\n","protected":false},"author":1,"featured_media":0,"parent":0,"menu_order":0,"comment_status":"closed","ping_status":"closed","template":"","meta":[],"yoast_head":"<!-- This site is optimized with the Yoast SEO plugin v18.8 - https:\/\/yoast.com\/wordpress\/plugins\/seo\/ -->\n<title>Distintivos - Arpema Pl\u00e1sticos<\/title>\n<meta name=\"robots\" content=\"noindex, follow, max-snippet:-1, max-image-preview:large, max-video-preview:-1\" \/>\n<meta property=\"og:locale\" content=\"es_MX\" \/>\n<meta property=\"og:type\" content=\"article\" \/>\n<meta property=\"og:title\" content=\"Distintivos - Arpema Pl\u00e1sticos\" \/>\n<meta property=\"og:description\" content=\"DISTINTIVOS Soluciones ambientales para su negocio Operation Clean Sweep &nbsp; Ese paso es Operation Clean Sweep (OCS), un programa de administraci\u00f3n de productos de la Divisi\u00f3n de Pl\u00e1sticos y la Asociaci\u00f3n de la Industria del Pl\u00e1stico (PLASTICS) del American Chemistry Council. El objetivo de la campa\u00f1a es: ayudar a todas las operaciones de manejo de\" \/>\n<meta property=\"og:url\" content=\"https:\/\/arpema.com.mx\/index.php\/distintivos\/\" \/>\n<meta property=\"og:site_name\" content=\"Arpema Pl\u00e1sticos\" \/>\n<meta property=\"article:publisher\" content=\"https:\/\/www.facebook.com\/ArpemaP\" \/>\n<meta property=\"article:modified_time\" content=\"2022-11-07T20:13:35+00:00\" \/>\n<meta property=\"og:image\" content=\"https:\/\/arpema.com.mx\/wp-content\/uploads\/2022\/01\/CPWQK7ENG940.png\" \/>\n\t<meta property=\"og:image:width\" content=\"1584\" \/>\n\t<meta property=\"og:image:height\" content=\"396\" \/>\n\t<meta property=\"og:image:type\" content=\"image\/png\" \/>\n<meta name=\"twitter:card\" content=\"summary_large_image\" \/>\n<meta name=\"twitter:site\" content=\"@ArpemaPlasticos\" \/>\n<meta name=\"twitter:label1\" content=\"Tiempo de lectura\" \/>\n\t<meta name=\"twitter:data1\" content=\"2 minutos\" \/>\n<script type=\"application\/ld+json\" class=\"yoast-schema-graph\">{\"@context\":\"https:\/\/schema.org\",\"@graph\":[{\"@type\":\"Organization\",\"@id\":\"https:\/\/arpema.com.mx\/#organization\",\"name\":\"Arpema Pl\u00e1sticos\",\"url\":\"https:\/\/arpema.com.mx\/\",\"sameAs\":[\"https:\/\/www.facebook.com\/ArpemaP\",\"https:\/\/www.instagram.com\/arpema.plasticos\/\",\"https:\/\/www.linkedin.com\/in\/arpema-plasticos\",\"https:\/\/twitter.com\/ArpemaPlasticos\"],\"logo\":{\"@type\":\"ImageObject\",\"inLanguage\":\"es-MX\",\"@id\":\"https:\/\/arpema.com.mx\/#\/schema\/logo\/image\/\",\"url\":\"https:\/\/arpema.com.mx\/wp-content\/uploads\/2020\/04\/Arpema.png\",\"contentUrl\":\"https:\/\/arpema.com.mx\/wp-content\/uploads\/2020\/04\/Arpema.png\",\"width\":1136,\"height\":960,\"caption\":\"Arpema Pl\u00e1sticos\"},\"image\":{\"@id\":\"https:\/\/arpema.com.mx\/#\/schema\/logo\/image\/\"}},{\"@type\":\"WebSite\",\"@id\":\"https:\/\/arpema.com.mx\/#website\",\"url\":\"https:\/\/arpema.com.mx\/\",\"name\":\"Arpema Pl\u00e1sticos\",\"description\":\"Arpema\",\"publisher\":{\"@id\":\"https:\/\/arpema.com.mx\/#organization\"},\"potentialAction\":[{\"@type\":\"SearchAction\",\"target\":{\"@type\":\"EntryPoint\",\"urlTemplate\":\"https:\/\/arpema.com.mx\/?s={search_term_string}\"},\"query-input\":\"required name=search_term_string\"}],\"inLanguage\":\"es-MX\"},{\"@type\":\"WebPage\",\"@id\":\"https:\/\/arpema.com.mx\/index.php\/distintivos\/#webpage\",\"url\":\"https:\/\/arpema.com.mx\/index.php\/distintivos\/\",\"name\":\"Distintivos - Arpema Pl\u00e1sticos\",\"isPartOf\":{\"@id\":\"https:\/\/arpema.com.mx\/#website\"},\"datePublished\":\"2017-04-25T11:55:32+00:00\",\"dateModified\":\"2022-11-07T20:13:35+00:00\",\"breadcrumb\":{\"@id\":\"https:\/\/arpema.com.mx\/index.php\/distintivos\/#breadcrumb\"},\"inLanguage\":\"es-MX\",\"potentialAction\":[{\"@type\":\"ReadAction\",\"target\":[\"https:\/\/arpema.com.mx\/index.php\/distintivos\/\"]}]},{\"@type\":\"BreadcrumbList\",\"@id\":\"https:\/\/arpema.com.mx\/index.php\/distintivos\/#breadcrumb\",\"itemListElement\":[{\"@type\":\"ListItem\",\"position\":1,\"name\":\"Inicio\",\"item\":\"https:\/\/arpema.com.mx\/\"},{\"@type\":\"ListItem\",\"position\":2,\"name\":\"Distintivos\"}]}]}<\/script>\n<!-- \/ Yoast SEO plugin. -->","yoast_head_json":{"title":"Distintivos - Arpema Pl\u00e1sticos","robots":{"index":"noindex","follow":"follow","max-snippet":"max-snippet:-1","max-image-preview":"max-image-preview:large","max-video-preview":"max-video-preview:-1"},"og_locale":"es_MX","og_type":"article","og_title":"Distintivos - Arpema Pl\u00e1sticos","og_description":"DISTINTIVOS Soluciones ambientales para su negocio Operation Clean Sweep &nbsp; Ese paso es Operation Clean Sweep (OCS), un programa de administraci\u00f3n de productos de la Divisi\u00f3n de Pl\u00e1sticos y la Asociaci\u00f3n de la Industria del Pl\u00e1stico (PLASTICS) del American Chemistry Council. El objetivo de la campa\u00f1a es: ayudar a todas las operaciones de manejo de","og_url":"https:\/\/arpema.com.mx\/index.php\/distintivos\/","og_site_name":"Arpema Pl\u00e1sticos","article_publisher":"https:\/\/www.facebook.com\/ArpemaP","article_modified_time":"2022-11-07T20:13:35+00:00","og_image":[{"width":1584,"height":396,"url":"https:\/\/arpema.com.mx\/wp-content\/uploads\/2022\/01\/CPWQK7ENG940.png","type":"image\/png"}],"twitter_card":"summary_large_image","twitter_site":"@ArpemaPlasticos","twitter_misc":{"Tiempo de lectura":"2 minutos"},"schema":{"@context":"https:\/\/schema.org","@graph":[{"@type":"Organization","@id":"https:\/\/arpema.com.mx\/#organization","name":"Arpema Pl\u00e1sticos","url":"https:\/\/arpema.com.mx\/","sameAs":["https:\/\/www.facebook.com\/ArpemaP","https:\/\/www.instagram.com\/arpema.plasticos\/","https:\/\/www.linkedin.com\/in\/arpema-plasticos","https:\/\/twitter.com\/ArpemaPlasticos"],"logo":{"@type":"ImageObject","inLanguage":"es-MX","@id":"https:\/\/arpema.com.mx\/#\/schema\/logo\/image\/","url":"https:\/\/arpema.com.mx\/wp-content\/uploads\/2020\/04\/Arpema.png","contentUrl":"https:\/\/arpema.com.mx\/wp-content\/uploads\/2020\/04\/Arpema.png","width":1136,"height":960,"caption":"Arpema Pl\u00e1sticos"},"image":{"@id":"https:\/\/arpema.com.mx\/#\/schema\/logo\/image\/"}},{"@type":"WebSite","@id":"https:\/\/arpema.com.mx\/#website","url":"https:\/\/arpema.com.mx\/","name":"Arpema Pl\u00e1sticos","description":"Arpema","publisher":{"@id":"https:\/\/arpema.com.mx\/#organization"},"potentialAction":[{"@type":"SearchAction","target":{"@type":"EntryPoint","urlTemplate":"https:\/\/arpema.com.mx\/?s={search_term_string}"},"query-input":"required name=search_term_string"}],"inLanguage":"es-MX"},{"@type":"WebPage","@id":"https:\/\/arpema.com.mx\/index.php\/distintivos\/#webpage","url":"https:\/\/arpema.com.mx\/index.php\/distintivos\/","name":"Distintivos - Arpema Pl\u00e1sticos","isPartOf":{"@id":"https:\/\/arpema.com.mx\/#website"},"datePublished":"2017-04-25T11:55:32+00:00","dateModified":"2022-11-07T20:13:35+00:00","breadcrumb":{"@id":"https:\/\/arpema.com.mx\/index.php\/distintivos\/#breadcrumb"},"inLanguage":"es-MX","potentialAction":[{"@type":"ReadAction","target":["https:\/\/arpema.com.mx\/index.php\/distintivos\/"]}]},{"@type":"BreadcrumbList","@id":"https:\/\/arpema.com.mx\/index.php\/distintivos\/#breadcrumb","itemListElement":[{"@type":"ListItem","position":1,"name":"Inicio","item":"https:\/\/arpema.com.mx\/"},{"@type":"ListItem","position":2,"name":"Distintivos"}]}]}},"_links":{"self":[{"href":"https:\/\/arpema.com.mx\/index.php\/wp-json\/wp\/v2\/pages\/1009"}],"collection":[{"href":"https:\/\/arpema.com.mx\/index.php\/wp-json\/wp\/v2\/pages"}],"about":[{"href":"https:\/\/arpema.com.mx\/index.php\/wp-json\/wp\/v2\/types\/page"}],"author":[{"embeddable":true,"href":"https:\/\/arpema.com.mx\/index.php\/wp-json\/wp\/v2\/users\/1"}],"replies":[{"embeddable":true,"href":"https:\/\/arpema.com.mx\/index.php\/wp-json\/wp\/v2\/comments?post=1009"}],"version-history":[{"count":40,"href":"https:\/\/arpema.com.mx\/index.php\/wp-json\/wp\/v2\/pages\/1009\/revisions"}],"predecessor-version":[{"id":2516,"href":"https:\/\/arpema.com.mx\/index.php\/wp-json\/wp\/v2\/pages\/1009\/revisions\/2516"}],"wp:attachment":[{"href":"https:\/\/arpema.com.mx\/index.php\/wp-json\/wp\/v2\/media?parent=1009"}],"curies":[{"name":"wp","href":"https:\/\/api.w.org\/{rel}","templated":true}]}}